{"id":148,"date":"2023-03-23T06:54:56","date_gmt":"2023-03-23T06:54:56","guid":{"rendered":"https:\/\/www.diabestmedical.ro\/rolunk\/"},"modified":"2023-04-05T11:23:41","modified_gmt":"2023-04-05T11:23:41","slug":"despre-noi","status":"publish","type":"page","link":"https:\/\/www.diabestmedical.ro\/ro\/despre-noi\/","title":{"rendered":"Despre noi"},"content":{"rendered":"<section class=\"wpb-content-wrapper\"><p>[vc_row][vc_column][vc_single_image image=&#8221;64&#8243; img_size=&#8221;full&#8221; alignment=&#8221;center&#8221; style=&#8221;vc_box_rounded&#8221;][\/vc_column][\/vc_row][vc_row][vc_column width=&#8221;1\/6&#8243;][\/vc_column][vc_column width=&#8221;2\/3&#8243;][vc_column_text]Diabest Medical Center se m\u00e2ndre\u0219te prin a fi primul centru de diabet din jude\u021bul Covasna. \u00cen clinica noastr\u0103, speciali\u0219ti, asisten\u021bi \u0219i dieteticieni lucreaz\u0103 pentru a ajuta la depistarea, prevenirea \u0219i tratarea diabetului.<\/p>\n<p>Credem c\u0103 o \u00eengrijire adecvat\u0103 este esen\u021bial\u0103 pentru a \u00eembun\u0103t\u0103\u021bi calitatea vie\u021bii persoanelor cu diabet. Ne-am angajat s\u0103 oferim servicii de cea mai \u00eenalt\u0103 calitate \u00een acest scop. Serviciile noastre sunt bazate pe expertiza, inova\u021bia \u0219i tehnologia de ultim\u0103 or\u0103.<\/p>\n<p>Monitorizarea regulat\u0103 a glicemiei \u0219i, dac\u0103 este necesar, administrarea de insulin\u0103 este crucial\u0103 pentru persoanele cu diabet. Consider\u0103m c\u0103 \u0219i educa\u021bia este la fel de important\u0103. Asisten\u021bii no\u0219tri specializa\u021bi v\u0103 pot ajuta s\u0103 \u00eenv\u0103\u021ba\u021bi cum s\u0103 v\u0103 m\u0103sura\u021bi corect glicemia \u0219i s\u0103 v\u0103 administra\u021bi insulina \u00een mod corespunz\u0103tor.<\/p>\n<p>La Centrul Medical Diabest, ne concentr\u0103m pe \u00eengrijirea complet\u0103 a persoanelor cu diabet, \u00een mod unic \u00een regiune, \u0219i \u00eei primim cu drag pe to\u021bi cei care au nevoie de ajutor.[\/vc_column_text][\/vc_column][vc_column width=&#8221;1\/6&#8243;][\/vc_column][\/vc_row]<\/p>\n<\/section>","protected":false},"excerpt":{"rendered":"<p>[vc_row][vc_column][vc_single_image image=&#8221;64&#8243; img_size=&#8221;full&#8221; alignment=&#8221;center&#8221; style=&#8221;vc_box_rounded&#8221;][\/vc_column][\/vc_row][vc_row][vc_column width=&#8221;1\/6&#8243;][\/vc_column][vc_column width=&#8221;2\/3&#8243;][vc_column_text]Diabest Medical Center se m\u00e2ndre\u0219te prin a fi primul centru de diabet din jude\u021bul Covasna. \u00cen clinica noastr\u0103, speciali\u0219ti, asisten\u021bi \u0219i dieteticieni lucreaz\u0103 pentru a ajuta la depistarea, prevenirea \u0219i tratarea diabetului. Credem c\u0103 o \u00eengrijire adecvat\u0103 este esen\u021bial\u0103 pentru a \u00eembun\u0103t\u0103\u021bi calitatea vie\u021bii persoanelor cu diabet. Ne-am angajat&hellip;<\/p>\n","protected":false},"author":1,"featured_media":0,"parent":0,"menu_order":0,"comment_status":"closed","ping_status":"closed","template":"","meta":[],"yoast_head":"<!-- This site is optimized with the Yoast SEO plugin v20.3 - https:\/\/yoast.com\/wordpress\/plugins\/seo\/ -->\n<title>Diabest Medical Center - Despre noi<\/title>\n<meta name=\"description\" content=\"Kov\u00e1szna megye els\u0151 diab\u00e9teszes k\u00f6zpontja, cs\u00facsmin\u0151s\u00e9g\u0171 ell\u00e1t\u00e1ssal \u00e9s szem\u00e9lyre szabott kezel\u00e9si tervekkel. Jav\u00edtson \u00e9letmin\u0151s\u00e9g\u00e9n m\u00e9g ma!\" \/>\n<meta name=\"robots\" content=\"index, follow, max-snippet:-1, max-image-preview:large, max-video-preview:-1\" \/>\n<link rel=\"canonical\" href=\"https:\/\/www.diabestmedical.ro\/ro\/despre-noi\/\" \/>\n<meta property=\"og:locale\" content=\"ro_RO\" \/>\n<meta property=\"og:type\" content=\"article\" \/>\n<meta property=\"og:title\" content=\"Diabest Medical Center - Despre noi\" \/>\n<meta property=\"og:description\" content=\"Kov\u00e1szna megye els\u0151 diab\u00e9teszes k\u00f6zpontja, cs\u00facsmin\u0151s\u00e9g\u0171 ell\u00e1t\u00e1ssal \u00e9s szem\u00e9lyre szabott kezel\u00e9si tervekkel. Jav\u00edtson \u00e9letmin\u0151s\u00e9g\u00e9n m\u00e9g ma!\" \/>\n<meta property=\"og:url\" content=\"https:\/\/www.diabestmedical.ro\/ro\/despre-noi\/\" \/>\n<meta property=\"og:site_name\" content=\"Diabest Medical Center\" \/>\n<meta property=\"article:publisher\" content=\"https:\/\/www.facebook.com\/Diabest-Medical-Center-117461604625216\" \/>\n<meta property=\"article:modified_time\" content=\"2023-04-05T11:23:41+00:00\" \/>\n<meta name=\"twitter:card\" content=\"summary_large_image\" \/>\n<meta name=\"twitter:label1\" content=\"Est. reading time\" \/>\n\t<meta name=\"twitter:data1\" content=\"1 minut\" \/>\n<script type=\"application\/ld+json\" class=\"yoast-schema-graph\">{\"@context\":\"https:\/\/schema.org\",\"@graph\":[{\"@type\":\"WebPage\",\"@id\":\"https:\/\/www.diabestmedical.ro\/ro\/despre-noi\/\",\"url\":\"https:\/\/www.diabestmedical.ro\/ro\/despre-noi\/\",\"name\":\"Diabest Medical Center - Despre noi\",\"isPartOf\":{\"@id\":\"https:\/\/www.diabestmedical.ro\/#website\"},\"datePublished\":\"2023-03-23T06:54:56+00:00\",\"dateModified\":\"2023-04-05T11:23:41+00:00\",\"description\":\"Kov\u00e1szna megye els\u0151 diab\u00e9teszes k\u00f6zpontja, cs\u00facsmin\u0151s\u00e9g\u0171 ell\u00e1t\u00e1ssal \u00e9s szem\u00e9lyre szabott kezel\u00e9si tervekkel. Jav\u00edtson \u00e9letmin\u0151s\u00e9g\u00e9n m\u00e9g ma!\",\"breadcrumb\":{\"@id\":\"https:\/\/www.diabestmedical.ro\/ro\/despre-noi\/#breadcrumb\"},\"inLanguage\":\"ro-RO\",\"potentialAction\":[{\"@type\":\"ReadAction\",\"target\":[\"https:\/\/www.diabestmedical.ro\/ro\/despre-noi\/\"]}]},{\"@type\":\"BreadcrumbList\",\"@id\":\"https:\/\/www.diabestmedical.ro\/ro\/despre-noi\/#breadcrumb\",\"itemListElement\":[{\"@type\":\"ListItem\",\"position\":1,\"name\":\"Home\",\"item\":\"https:\/\/www.diabestmedical.ro\/ro\/\"},{\"@type\":\"ListItem\",\"position\":2,\"name\":\"Despre noi\"}]},{\"@type\":\"WebSite\",\"@id\":\"https:\/\/www.diabestmedical.ro\/#website\",\"url\":\"https:\/\/www.diabestmedical.ro\/\",\"name\":\"Diabest Medical Center\",\"description\":\"\",\"publisher\":{\"@id\":\"https:\/\/www.diabestmedical.ro\/#organization\"},\"potentialAction\":[{\"@type\":\"SearchAction\",\"target\":{\"@type\":\"EntryPoint\",\"urlTemplate\":\"https:\/\/www.diabestmedical.ro\/?s={search_term_string}\"},\"query-input\":\"required name=search_term_string\"}],\"inLanguage\":\"ro-RO\"},{\"@type\":\"Organization\",\"@id\":\"https:\/\/www.diabestmedical.ro\/#organization\",\"name\":\"Diabest Medical Center\",\"url\":\"https:\/\/www.diabestmedical.ro\/\",\"logo\":{\"@type\":\"ImageObject\",\"inLanguage\":\"ro-RO\",\"@id\":\"https:\/\/www.diabestmedical.ro\/#\/schema\/logo\/image\/\",\"url\":\"https:\/\/www.diabestmedical.ro\/wp-content\/uploads\/2023\/03\/diabest-120.png\",\"contentUrl\":\"https:\/\/www.diabestmedical.ro\/wp-content\/uploads\/2023\/03\/diabest-120.png\",\"width\":87,\"height\":120,\"caption\":\"Diabest Medical Center\"},\"image\":{\"@id\":\"https:\/\/www.diabestmedical.ro\/#\/schema\/logo\/image\/\"},\"sameAs\":[\"https:\/\/www.facebook.com\/Diabest-Medical-Center-117461604625216\"]}]}<\/script>\n<!-- \/ Yoast SEO plugin. -->","yoast_head_json":{"title":"Diabest Medical Center - Despre noi","description":"Kov\u00e1szna megye els\u0151 diab\u00e9teszes k\u00f6zpontja, cs\u00facsmin\u0151s\u00e9g\u0171 ell\u00e1t\u00e1ssal \u00e9s szem\u00e9lyre szabott kezel\u00e9si tervekkel. Jav\u00edtson \u00e9letmin\u0151s\u00e9g\u00e9n m\u00e9g ma!","robots":{"index":"index","follow":"follow","max-snippet":"max-snippet:-1","max-image-preview":"max-image-preview:large","max-video-preview":"max-video-preview:-1"},"canonical":"https:\/\/www.diabestmedical.ro\/ro\/despre-noi\/","og_locale":"ro_RO","og_type":"article","og_title":"Diabest Medical Center - Despre noi","og_description":"Kov\u00e1szna megye els\u0151 diab\u00e9teszes k\u00f6zpontja, cs\u00facsmin\u0151s\u00e9g\u0171 ell\u00e1t\u00e1ssal \u00e9s szem\u00e9lyre szabott kezel\u00e9si tervekkel. Jav\u00edtson \u00e9letmin\u0151s\u00e9g\u00e9n m\u00e9g ma!","og_url":"https:\/\/www.diabestmedical.ro\/ro\/despre-noi\/","og_site_name":"Diabest Medical Center","article_publisher":"https:\/\/www.facebook.com\/Diabest-Medical-Center-117461604625216","article_modified_time":"2023-04-05T11:23:41+00:00","twitter_card":"summary_large_image","twitter_misc":{"Est. reading time":"1 minut"},"schema":{"@context":"https:\/\/schema.org","@graph":[{"@type":"WebPage","@id":"https:\/\/www.diabestmedical.ro\/ro\/despre-noi\/","url":"https:\/\/www.diabestmedical.ro\/ro\/despre-noi\/","name":"Diabest Medical Center - Despre noi","isPartOf":{"@id":"https:\/\/www.diabestmedical.ro\/#website"},"datePublished":"2023-03-23T06:54:56+00:00","dateModified":"2023-04-05T11:23:41+00:00","description":"Kov\u00e1szna megye els\u0151 diab\u00e9teszes k\u00f6zpontja, cs\u00facsmin\u0151s\u00e9g\u0171 ell\u00e1t\u00e1ssal \u00e9s szem\u00e9lyre szabott kezel\u00e9si tervekkel. Jav\u00edtson \u00e9letmin\u0151s\u00e9g\u00e9n m\u00e9g ma!","breadcrumb":{"@id":"https:\/\/www.diabestmedical.ro\/ro\/despre-noi\/#breadcrumb"},"inLanguage":"ro-RO","potentialAction":[{"@type":"ReadAction","target":["https:\/\/www.diabestmedical.ro\/ro\/despre-noi\/"]}]},{"@type":"BreadcrumbList","@id":"https:\/\/www.diabestmedical.ro\/ro\/despre-noi\/#breadcrumb","itemListElement":[{"@type":"ListItem","position":1,"name":"Home","item":"https:\/\/www.diabestmedical.ro\/ro\/"},{"@type":"ListItem","position":2,"name":"Despre noi"}]},{"@type":"WebSite","@id":"https:\/\/www.diabestmedical.ro\/#website","url":"https:\/\/www.diabestmedical.ro\/","name":"Diabest Medical Center","description":"","publisher":{"@id":"https:\/\/www.diabestmedical.ro\/#organization"},"potentialAction":[{"@type":"SearchAction","target":{"@type":"EntryPoint","urlTemplate":"https:\/\/www.diabestmedical.ro\/?s={search_term_string}"},"query-input":"required name=search_term_string"}],"inLanguage":"ro-RO"},{"@type":"Organization","@id":"https:\/\/www.diabestmedical.ro\/#organization","name":"Diabest Medical Center","url":"https:\/\/www.diabestmedical.ro\/","logo":{"@type":"ImageObject","inLanguage":"ro-RO","@id":"https:\/\/www.diabestmedical.ro\/#\/schema\/logo\/image\/","url":"https:\/\/www.diabestmedical.ro\/wp-content\/uploads\/2023\/03\/diabest-120.png","contentUrl":"https:\/\/www.diabestmedical.ro\/wp-content\/uploads\/2023\/03\/diabest-120.png","width":87,"height":120,"caption":"Diabest Medical Center"},"image":{"@id":"https:\/\/www.diabestmedical.ro\/#\/schema\/logo\/image\/"},"sameAs":["https:\/\/www.facebook.com\/Diabest-Medical-Center-117461604625216"]}]}},"_links":{"self":[{"href":"https:\/\/www.diabestmedical.ro\/ro\/wp-json\/wp\/v2\/pages\/148"}],"collection":[{"href":"https:\/\/www.diabestmedical.ro\/ro\/wp-json\/wp\/v2\/pages"}],"about":[{"href":"https:\/\/www.diabestmedical.ro\/ro\/wp-json\/wp\/v2\/types\/page"}],"author":[{"embeddable":true,"href":"https:\/\/www.diabestmedical.ro\/ro\/wp-json\/wp\/v2\/users\/1"}],"replies":[{"embeddable":true,"href":"https:\/\/www.diabestmedical.ro\/ro\/wp-json\/wp\/v2\/comments?post=148"}],"version-history":[{"count":2,"href":"https:\/\/www.diabestmedical.ro\/ro\/wp-json\/wp\/v2\/pages\/148\/revisions"}],"predecessor-version":[{"id":150,"href":"https:\/\/www.diabestmedical.ro\/ro\/wp-json\/wp\/v2\/pages\/148\/revisions\/150"}],"wp:attachment":[{"href":"https:\/\/www.diabestmedical.ro\/ro\/wp-json\/wp\/v2\/media?parent=148"}],"curies":[{"name":"wp","href":"https:\/\/api.w.org\/{rel}","templated":true}]}}