{"id":152,"date":"2023-03-23T06:58:11","date_gmt":"2023-03-23T06:58:11","guid":{"rendered":"https:\/\/www.diabestmedical.ro\/szolgaltatasok\/"},"modified":"2024-05-10T07:31:38","modified_gmt":"2024-05-10T07:31:38","slug":"servicii","status":"publish","type":"page","link":"https:\/\/www.diabestmedical.ro\/ro\/servicii\/","title":{"rendered":"Servicii"},"content":{"rendered":"<section class=\"wpb-content-wrapper\"><p>[vc_row el_class=&#8221;row-services&#8221;][vc_column width=&#8221;1\/2&#8243;][vc_single_image image=&#8221;57&#8243; img_size=&#8221;full&#8221; lazy_loading=&#8221;true&#8221;][vc_column_text]<\/p>\n<h4>Diabetologie<\/h4>\n<p>Diabetologia este o ramur\u0103 a medicinei care se ocup\u0103 cu diabetul, studiaz\u0103 procesele patologice, bolile, complica\u021biile \u0219i prevenirea metabolismului glucidic. Diagnostic\u0103m \u0219i trat\u0103m diferite forme de diabet, inclusiv diabetul de tip 1 \u0219i de tip 2, respectiv diabetul gesta\u021bional, \u00een cadrul unui cabinet specializat \u00een diabetologie. Oferim sfaturi privind stilul de via\u021b\u0103 s\u0103n\u0103tos, dieta \u0219i mi\u0219carea pentru a-i ajuta pe pacien\u021bi s\u0103-\u0219i controleze glicemia \u0219i s\u0103 men\u021bin\u0103 un stil de via\u021b\u0103 s\u0103n\u0103tos.<\/p>\n<p><strong>Medicii no\u0219tri:\u00a0<\/strong><\/p>\n<p>Dr. Orsolya Demeter &#8211; Medic specialist Diabetologie<\/p>\n<p>Dr. Ildik\u00f3 Halm\u00e1gyi &#8211; Medic primar Medicin\u0103 Intern\u0103 \u0219i Medic specialist Diabetologie<\/p>\n<p>[\/vc_column_text][\/vc_column][vc_column width=&#8221;1\/2&#8243;][vc_single_image image=&#8221;54&#8243; img_size=&#8221;full&#8221; lazy_loading=&#8221;true&#8221;][vc_column_text]<\/p>\n<h4>Medicin\u0103 intern\u0103<\/h4>\n<p>Medicina intern\u0103 se ocup\u0103 cu identificarea, tratamentul \u0219i prevenirea diferitelor probleme de s\u0103n\u0103tate care afecteaz\u0103 func\u021bionarea \u00eentregului organism. Ne permite s\u0103 examin\u0103m \u0219i s\u0103 trat\u0103m adecvat orice condi\u021bie care ar putea afecta s\u0103n\u0103tatea noastr\u0103 pe termen lung. Ajut\u0103m pacien\u021bii s\u0103 \u00een\u021beleag\u0103 \u0219i s\u0103 gestioneze starea lor prin examin\u0103ri \u0219i tratamente care se extind asupra \u00eentregului corp, asigur\u00e2nd astfel cea mai bun\u0103 \u00eengrijire posibil\u0103.<\/p>\n<p><strong>Medicii no\u0219tri:<\/strong><\/p>\n<p>Dr. Ildik\u00f3 Halm\u00e1gyi &#8211; Medic primar Medicin\u0103 Intern\u0103 \u0219i Medic specialist Diabetologie<\/p>\n<p>Dr. Enik\u0151 G\u00e1sp\u00e1r &#8211; Medic specialist Medicin\u0103 Intern\u0103[\/vc_column_text][\/vc_column][\/vc_row][vc_row el_class=&#8221;row-services&#8221;][vc_column width=&#8221;1\/2&#8243;][vc_single_image image=&#8221;56&#8243; img_size=&#8221;full&#8221; lazy_loading=&#8221;true&#8221;][vc_column_text]<\/p>\n<h4>Cardiologie<\/h4>\n<p>Cardiologia identific\u0103 \u0219i trateaz\u0103 bolile cardiace, precum hipertensiunea arterial\u0103 \u0219i arterioslceroza. Cu ajutorul instrumentelor moderne \u0219i al echipei noastre de exper\u021bi, scopul nostru este de a asigura un diagnostic precoce \u0219i un tratament eficace, esen\u021bial pentru men\u021binerea s\u0103n\u0103t\u0103\u021bii pe termen lung.<\/p>\n<p><strong>Medicii no\u0219tri:\u00a0<\/strong><\/p>\n<p>Dr. Ad\u00e9l Csoria &#8211; Medic specialist Cardiologie[\/vc_column_text][\/vc_column][vc_column width=&#8221;1\/2&#8243;][vc_single_image image=&#8221;60&#8243; img_size=&#8221;full&#8221; lazy_loading=&#8221;true&#8221;][vc_column_text]<\/p>\n<h4>Neurologie<\/h4>\n<p>Neurologia se ocup\u0103 cu diagnosticarea \u0219i tratamentul bolilor sistemului nervos, incluz\u00e2nd afec\u021biuni ale creierului, m\u0103duvei spin\u0103rii \u0219i nervilor. Sistemul nervos este complex, a\u0219adar \u00een organism pot ap\u0103rea multe tipuri de leziuni nervoase. \u00cen cazul \u00een care acestea persist\u0103, pot ap\u0103rea diverse simptome care trebuie depistate \u0219i tratate pentru a preveni complica\u021biile ulterioare.<\/p>\n<p><strong>Medicii no\u0219tri:<\/strong><\/p>\n<p>Dr. M\u00e1ty\u00e1s Daboczi &#8211; Medic specialist Neurologie[\/vc_column_text][\/vc_column][\/vc_row][vc_row el_class=&#8221;row-services&#8221;][vc_column width=&#8221;1\/2&#8243;][vc_single_image image=&#8221;59&#8243; img_size=&#8221;full&#8221; lazy_loading=&#8221;true&#8221;][vc_column_text]<\/p>\n<h4>Endocrinologie<\/h4>\n<p>Endocrinologia se ocup\u0103 de afec\u021biunile glandelor endocrine. Cea mai important\u0103 func\u021bie a sistemului endocrin este de a asigura func\u021bia metabolic\u0103 optim\u0103 a organismului prin intermediul hormonilor. Problemele sistemului endocrin pot cauza o gam\u0103 larg\u0103 de probleme care par banale \u0219i nu indic\u0103 o boal\u0103. Anomaliile hormonale provoac\u0103 modific\u0103ri \u00een alte sisteme biologice \u0219i procese metabolice, a\u0219adar diagnosticarea \u0219i tratamentul timpuriu sunt esen\u021biale \u00een prevenirea unei boli.<\/p>\n<p><strong>Medicii no\u0219tri:<\/strong><\/p>\n<p>Dr. Izabella Piroska &#8211; Medic specialist Endocrinologie[\/vc_column_text][\/vc_column][vc_column width=&#8221;1\/2&#8243;][vc_single_image image=&#8221;61&#8243; img_size=&#8221;full&#8221; lazy_loading=&#8221;true&#8221;][vc_column_text]<\/p>\n<h4>Chirurgie general\u0103 \u0219i neurochirurgie<\/h4>\n<p>Interven\u021biile chirurgicale neurologice \u0219i generale sunt esen\u021biale \u00een tratamentul multor boli. Aceste opera\u021bii pot fi cruciale \u00een repararea leziunilor sistemului nervos \u0219i ale altor organe. Un diagnostic precis \u0219i o interven\u021bie chirurgical\u0103 adecvat\u0103 contribuie la \u00eembun\u0103t\u0103\u021birea calit\u0103\u021bii vie\u021bii \u0219i prevenirea problemelor de s\u0103n\u0103tate mai grave.<\/p>\n<p><strong>Medicii no\u0219tri:<\/strong><\/p>\n<p>Dr. Csaba Gy\u00f6rgy-Szak\u00e1cs &#8211; Medic specialist Chirurgie General\u0103<\/p>\n<p>Dr. Szabolcs Ern\u0151 Szab\u00f3 &#8211; Medic specialist Neurochirurgie[\/vc_column_text][\/vc_column][\/vc_row][vc_row el_class=&#8221;row-services&#8221;][vc_column width=&#8221;1\/2&#8243;][vc_single_image image=&#8221;55&#8243; img_size=&#8221;full&#8221; lazy_loading=&#8221;true&#8221;][vc_column_text]<\/p>\n<h4>Dermatologie<\/h4>\n<p>Dermatologia este ramura medicinei care se ocup\u0103 cu s\u0103n\u0103tatea pielii, p\u0103rului \u0219i unghiilor. Aceast\u0103 specialitate ajut\u0103 la \u00een\u021belegerea \u0219i tratarea diferitelor boli de piele, astfel \u00eenc\u00e2t fiecare persoan\u0103 s\u0103 \u00ee\u0219i poat\u0103 p\u0103stra s\u0103n\u0103tatea \u0219i frumuse\u021bea pielii. Este important s\u0103 consulta\u021bi un specialist la timp.<\/p>\n<p><strong>Medicii no\u0219tri:<\/strong><\/p>\n<p>Dr. L\u00e1szl\u00f3 D\u00e9nes &#8211; Medic specialist Dermatovenerologie[\/vc_column_text][\/vc_column][vc_column width=&#8221;1\/2&#8243;][vc_single_image image=&#8221;58&#8243; img_size=&#8221;full&#8221; lazy_loading=&#8221;true&#8221;][vc_column_text]<\/p>\n<h4>Dietetic\u0103 \u0219i consiliere \u00een nutri\u021bie<\/h4>\n<p>O alimenta\u021bie s\u0103n\u0103toas\u0103 este esen\u021bial\u0103 pentru toat\u0103 lumea, \u0219i este absolut necesar\u0103 mai ales pentru persoanele cu diabet, care au nevoi specifice. Expertul nostru dietetician ofer\u0103 sfaturi personalizate \u0219i orient\u0103ri pentru elaborarea unei diete optimale. Oferim \u00eendrumare adaptat\u0103 nevoilor individuale, pentru a sprijini pe toat\u0103 lumea \u00een adoptarea unui stil de via\u021b\u0103 s\u0103n\u0103tos.<\/p>\n<p><strong>Medicii no\u0219tri:<\/strong><\/p>\n<p>Hanna L\u0151rincz &#8211; Dietician[\/vc_column_text][\/vc_column][\/vc_row][vc_row el_class=&#8221;row-services&#8221;][vc_column width=&#8221;1\/2&#8243;][vc_single_image image=&#8221;288&#8243; img_size=&#8221;full&#8221; lazy_loading=&#8221;true&#8221;][vc_column_text]<\/p>\n<h4>Psihologie<\/h4>\n<p>Serviciile de psihologie de la Diabest Medical Center includ recunoa\u0219terea \u0219i diagnosticarea unei game largi de probleme psihice la orice v\u00e2rst\u0103. Scopul nostru este tratamentul tulbur\u0103rilor psihice, dezvoltarea capacit\u0103\u021bii de rezolvare a problemelor pacien\u021bilor \u0219i sus\u021binerea autonomiei \u00een fa\u021ba provoc\u0103rilor specifice diferitelor etape ale vie\u021bii.<\/p>\n<p><strong>Medicii no\u0219tri:<\/strong><\/p>\n<p>Ol\u00e1h Erika &#8211; psiholog clinician[\/vc_column_text][\/vc_column][vc_column width=&#8221;1\/2&#8243;][\/vc_column][\/vc_row][vc_row][vc_column][vc_separator][vc_column_text]<strong>Personal esen\u021bial:<\/strong><\/p>\n<p>Zita Sid\u00f3 &#8211; asistent medical<\/p>\n<p>B\u00edborka K\u00f3nya &#8211; administrator cabinet<\/p>\n<p>[\/vc_column_text][\/vc_column][\/vc_row]<\/p>\n<\/section>","protected":false},"excerpt":{"rendered":"<p>[vc_row el_class=&#8221;row-services&#8221;][vc_column width=&#8221;1\/2&#8243;][vc_single_image image=&#8221;57&#8243; img_size=&#8221;full&#8221; lazy_loading=&#8221;true&#8221;][vc_column_text] Diabetologie Diabetologia este o ramur\u0103 a medicinei care se ocup\u0103 cu diabetul, studiaz\u0103 procesele patologice, bolile, complica\u021biile \u0219i prevenirea metabolismului glucidic. Diagnostic\u0103m \u0219i trat\u0103m diferite forme de diabet, inclusiv diabetul de tip 1 \u0219i de tip 2, respectiv diabetul gesta\u021bional, \u00een cadrul unui cabinet specializat \u00een diabetologie. Oferim sfaturi&hellip;<\/p>\n","protected":false},"author":1,"featured_media":0,"parent":0,"menu_order":0,"comment_status":"closed","ping_status":"closed","template":"","meta":[],"yoast_head":"<!-- This site is optimized with the Yoast SEO plugin v20.3 - https:\/\/yoast.com\/wordpress\/plugins\/seo\/ -->\n<title>Diabest Medical Center - Servicii<\/title>\n<meta name=\"description\" content=\"Kov\u00e1szna megye els\u0151 diab\u00e9teszes k\u00f6zpontja, cs\u00facsmin\u0151s\u00e9g\u0171 ell\u00e1t\u00e1ssal \u00e9s szem\u00e9lyre szabott kezel\u00e9si tervekkel. Jav\u00edtson \u00e9letmin\u0151s\u00e9g\u00e9n m\u00e9g ma!\" \/>\n<meta name=\"robots\" content=\"index, follow, max-snippet:-1, max-image-preview:large, max-video-preview:-1\" \/>\n<link rel=\"canonical\" href=\"https:\/\/www.diabestmedical.ro\/ro\/servicii\/\" \/>\n<meta property=\"og:locale\" content=\"ro_RO\" \/>\n<meta property=\"og:type\" content=\"article\" \/>\n<meta property=\"og:title\" content=\"Diabest Medical Center - Servicii\" \/>\n<meta property=\"og:description\" content=\"Kov\u00e1szna megye els\u0151 diab\u00e9teszes k\u00f6zpontja, cs\u00facsmin\u0151s\u00e9g\u0171 ell\u00e1t\u00e1ssal \u00e9s szem\u00e9lyre szabott kezel\u00e9si tervekkel. Jav\u00edtson \u00e9letmin\u0151s\u00e9g\u00e9n m\u00e9g ma!\" \/>\n<meta property=\"og:url\" content=\"https:\/\/www.diabestmedical.ro\/ro\/servicii\/\" \/>\n<meta property=\"og:site_name\" content=\"Diabest Medical Center\" \/>\n<meta property=\"article:publisher\" content=\"https:\/\/www.facebook.com\/Diabest-Medical-Center-117461604625216\" \/>\n<meta property=\"article:modified_time\" content=\"2024-05-10T07:31:38+00:00\" \/>\n<meta name=\"twitter:card\" content=\"summary_large_image\" \/>\n<meta name=\"twitter:label1\" content=\"Est. reading time\" \/>\n\t<meta name=\"twitter:data1\" content=\"4 minute\" \/>\n<script type=\"application\/ld+json\" class=\"yoast-schema-graph\">{\"@context\":\"https:\/\/schema.org\",\"@graph\":[{\"@type\":\"WebPage\",\"@id\":\"https:\/\/www.diabestmedical.ro\/ro\/servicii\/\",\"url\":\"https:\/\/www.diabestmedical.ro\/ro\/servicii\/\",\"name\":\"Diabest Medical Center - Servicii\",\"isPartOf\":{\"@id\":\"https:\/\/www.diabestmedical.ro\/#website\"},\"datePublished\":\"2023-03-23T06:58:11+00:00\",\"dateModified\":\"2024-05-10T07:31:38+00:00\",\"description\":\"Kov\u00e1szna megye els\u0151 diab\u00e9teszes k\u00f6zpontja, cs\u00facsmin\u0151s\u00e9g\u0171 ell\u00e1t\u00e1ssal \u00e9s szem\u00e9lyre szabott kezel\u00e9si tervekkel. Jav\u00edtson \u00e9letmin\u0151s\u00e9g\u00e9n m\u00e9g ma!\",\"breadcrumb\":{\"@id\":\"https:\/\/www.diabestmedical.ro\/ro\/servicii\/#breadcrumb\"},\"inLanguage\":\"ro-RO\",\"potentialAction\":[{\"@type\":\"ReadAction\",\"target\":[\"https:\/\/www.diabestmedical.ro\/ro\/servicii\/\"]}]},{\"@type\":\"BreadcrumbList\",\"@id\":\"https:\/\/www.diabestmedical.ro\/ro\/servicii\/#breadcrumb\",\"itemListElement\":[{\"@type\":\"ListItem\",\"position\":1,\"name\":\"Home\",\"item\":\"https:\/\/www.diabestmedical.ro\/ro\/\"},{\"@type\":\"ListItem\",\"position\":2,\"name\":\"Servicii\"}]},{\"@type\":\"WebSite\",\"@id\":\"https:\/\/www.diabestmedical.ro\/#website\",\"url\":\"https:\/\/www.diabestmedical.ro\/\",\"name\":\"Diabest Medical Center\",\"description\":\"\",\"publisher\":{\"@id\":\"https:\/\/www.diabestmedical.ro\/#organization\"},\"potentialAction\":[{\"@type\":\"SearchAction\",\"target\":{\"@type\":\"EntryPoint\",\"urlTemplate\":\"https:\/\/www.diabestmedical.ro\/?s={search_term_string}\"},\"query-input\":\"required name=search_term_string\"}],\"inLanguage\":\"ro-RO\"},{\"@type\":\"Organization\",\"@id\":\"https:\/\/www.diabestmedical.ro\/#organization\",\"name\":\"Diabest Medical Center\",\"url\":\"https:\/\/www.diabestmedical.ro\/\",\"logo\":{\"@type\":\"ImageObject\",\"inLanguage\":\"ro-RO\",\"@id\":\"https:\/\/www.diabestmedical.ro\/#\/schema\/logo\/image\/\",\"url\":\"https:\/\/www.diabestmedical.ro\/wp-content\/uploads\/2023\/03\/diabest-120.png\",\"contentUrl\":\"https:\/\/www.diabestmedical.ro\/wp-content\/uploads\/2023\/03\/diabest-120.png\",\"width\":87,\"height\":120,\"caption\":\"Diabest Medical Center\"},\"image\":{\"@id\":\"https:\/\/www.diabestmedical.ro\/#\/schema\/logo\/image\/\"},\"sameAs\":[\"https:\/\/www.facebook.com\/Diabest-Medical-Center-117461604625216\"]}]}<\/script>\n<!-- \/ Yoast SEO plugin. -->","yoast_head_json":{"title":"Diabest Medical Center - Servicii","description":"Kov\u00e1szna megye els\u0151 diab\u00e9teszes k\u00f6zpontja, cs\u00facsmin\u0151s\u00e9g\u0171 ell\u00e1t\u00e1ssal \u00e9s szem\u00e9lyre szabott kezel\u00e9si tervekkel. Jav\u00edtson \u00e9letmin\u0151s\u00e9g\u00e9n m\u00e9g ma!","robots":{"index":"index","follow":"follow","max-snippet":"max-snippet:-1","max-image-preview":"max-image-preview:large","max-video-preview":"max-video-preview:-1"},"canonical":"https:\/\/www.diabestmedical.ro\/ro\/servicii\/","og_locale":"ro_RO","og_type":"article","og_title":"Diabest Medical Center - Servicii","og_description":"Kov\u00e1szna megye els\u0151 diab\u00e9teszes k\u00f6zpontja, cs\u00facsmin\u0151s\u00e9g\u0171 ell\u00e1t\u00e1ssal \u00e9s szem\u00e9lyre szabott kezel\u00e9si tervekkel. Jav\u00edtson \u00e9letmin\u0151s\u00e9g\u00e9n m\u00e9g ma!","og_url":"https:\/\/www.diabestmedical.ro\/ro\/servicii\/","og_site_name":"Diabest Medical Center","article_publisher":"https:\/\/www.facebook.com\/Diabest-Medical-Center-117461604625216","article_modified_time":"2024-05-10T07:31:38+00:00","twitter_card":"summary_large_image","twitter_misc":{"Est. reading time":"4 minute"},"schema":{"@context":"https:\/\/schema.org","@graph":[{"@type":"WebPage","@id":"https:\/\/www.diabestmedical.ro\/ro\/servicii\/","url":"https:\/\/www.diabestmedical.ro\/ro\/servicii\/","name":"Diabest Medical Center - Servicii","isPartOf":{"@id":"https:\/\/www.diabestmedical.ro\/#website"},"datePublished":"2023-03-23T06:58:11+00:00","dateModified":"2024-05-10T07:31:38+00:00","description":"Kov\u00e1szna megye els\u0151 diab\u00e9teszes k\u00f6zpontja, cs\u00facsmin\u0151s\u00e9g\u0171 ell\u00e1t\u00e1ssal \u00e9s szem\u00e9lyre szabott kezel\u00e9si tervekkel. Jav\u00edtson \u00e9letmin\u0151s\u00e9g\u00e9n m\u00e9g ma!","breadcrumb":{"@id":"https:\/\/www.diabestmedical.ro\/ro\/servicii\/#breadcrumb"},"inLanguage":"ro-RO","potentialAction":[{"@type":"ReadAction","target":["https:\/\/www.diabestmedical.ro\/ro\/servicii\/"]}]},{"@type":"BreadcrumbList","@id":"https:\/\/www.diabestmedical.ro\/ro\/servicii\/#breadcrumb","itemListElement":[{"@type":"ListItem","position":1,"name":"Home","item":"https:\/\/www.diabestmedical.ro\/ro\/"},{"@type":"ListItem","position":2,"name":"Servicii"}]},{"@type":"WebSite","@id":"https:\/\/www.diabestmedical.ro\/#website","url":"https:\/\/www.diabestmedical.ro\/","name":"Diabest Medical Center","description":"","publisher":{"@id":"https:\/\/www.diabestmedical.ro\/#organization"},"potentialAction":[{"@type":"SearchAction","target":{"@type":"EntryPoint","urlTemplate":"https:\/\/www.diabestmedical.ro\/?s={search_term_string}"},"query-input":"required name=search_term_string"}],"inLanguage":"ro-RO"},{"@type":"Organization","@id":"https:\/\/www.diabestmedical.ro\/#organization","name":"Diabest Medical Center","url":"https:\/\/www.diabestmedical.ro\/","logo":{"@type":"ImageObject","inLanguage":"ro-RO","@id":"https:\/\/www.diabestmedical.ro\/#\/schema\/logo\/image\/","url":"https:\/\/www.diabestmedical.ro\/wp-content\/uploads\/2023\/03\/diabest-120.png","contentUrl":"https:\/\/www.diabestmedical.ro\/wp-content\/uploads\/2023\/03\/diabest-120.png","width":87,"height":120,"caption":"Diabest Medical Center"},"image":{"@id":"https:\/\/www.diabestmedical.ro\/#\/schema\/logo\/image\/"},"sameAs":["https:\/\/www.facebook.com\/Diabest-Medical-Center-117461604625216"]}]}},"_links":{"self":[{"href":"https:\/\/www.diabestmedical.ro\/ro\/wp-json\/wp\/v2\/pages\/152"}],"collection":[{"href":"https:\/\/www.diabestmedical.ro\/ro\/wp-json\/wp\/v2\/pages"}],"about":[{"href":"https:\/\/www.diabestmedical.ro\/ro\/wp-json\/wp\/v2\/types\/page"}],"author":[{"embeddable":true,"href":"https:\/\/www.diabestmedical.ro\/ro\/wp-json\/wp\/v2\/users\/1"}],"replies":[{"embeddable":true,"href":"https:\/\/www.diabestmedical.ro\/ro\/wp-json\/wp\/v2\/comments?post=152"}],"version-history":[{"count":12,"href":"https:\/\/www.diabestmedical.ro\/ro\/wp-json\/wp\/v2\/pages\/152\/revisions"}],"predecessor-version":[{"id":323,"href":"https:\/\/www.diabestmedical.ro\/ro\/wp-json\/wp\/v2\/pages\/152\/revisions\/323"}],"wp:attachment":[{"href":"https:\/\/www.diabestmedical.ro\/ro\/wp-json\/wp\/v2\/media?parent=152"}],"curies":[{"name":"wp","href":"https:\/\/api.w.org\/{rel}","templated":true}]}}