{"id":224,"date":"2023-04-17T11:13:36","date_gmt":"2023-04-17T11:13:36","guid":{"rendered":"https:\/\/www.diabestmedical.ro\/munkatarsak\/"},"modified":"2024-09-20T06:25:13","modified_gmt":"2024-09-20T06:25:13","slug":"colegi","status":"publish","type":"page","link":"https:\/\/www.diabestmedical.ro\/ro\/colegi\/","title":{"rendered":"Colegi"},"content":{"rendered":"<section class=\"wpb-content-wrapper\"><p>[vc_row gap=&#8221;35&#8243; equal_height=&#8221;yes&#8221; el_class=&#8221;row-team&#8221;][vc_column width=&#8221;1\/3&#8243;][vc_single_image image=&#8221;196&#8243; img_size=&#8221;full&#8221; alignment=&#8221;center&#8221; image_hovers=&#8221;false&#8221;][vc_custom_heading text=&#8221;Dr. Halm\u00e1gyi Ildik\u00f3&#8221; font_container=&#8221;tag:h4|text_align:left&#8221; use_theme_fonts=&#8221;yes&#8221;][vc_column_text]Medic primar Medicin\u0103 Intern\u0103 \u015fi Medic specialist Diabetologie[\/vc_column_text][\/vc_column][vc_column width=&#8221;1\/3&#8243;][vc_single_image image=&#8221;211&#8243; img_size=&#8221;full&#8221; alignment=&#8221;center&#8221; image_hovers=&#8221;false&#8221;][vc_custom_heading text=&#8221;Dr. Demeter Orsolya&#8221; font_container=&#8221;tag:h4|text_align:left&#8221; use_theme_fonts=&#8221;yes&#8221;][vc_column_text]Medic specialist Diabetologie[\/vc_column_text][\/vc_column][vc_column width=&#8221;1\/3&#8243;][vc_single_image image=&#8221;335&#8243; img_size=&#8221;full&#8221; alignment=&#8221;center&#8221; image_hovers=&#8221;false&#8221;][vc_custom_heading text=&#8221;Dr. Daboczi M\u00e1ty\u00e1s&#8221; font_container=&#8221;tag:h4|text_align:left&#8221; use_theme_fonts=&#8221;yes&#8221;][vc_column_text]Medic specialist Neurologie[\/vc_column_text][\/vc_column][vc_column width=&#8221;1\/3&#8243;][vc_single_image image=&#8221;190&#8243; img_size=&#8221;full&#8221; alignment=&#8221;center&#8221; image_hovers=&#8221;false&#8221;][vc_custom_heading text=&#8221;Dr. D\u00e9nes L\u00e1szl\u00f3&#8221; font_container=&#8221;tag:h4|text_align:left&#8221; use_theme_fonts=&#8221;yes&#8221;][vc_column_text]Medic primar Dermatovenerologie[\/vc_column_text][\/vc_column][vc_column width=&#8221;1\/3&#8243;][vc_single_image image=&#8221;192&#8243; img_size=&#8221;full&#8221; alignment=&#8221;center&#8221; image_hovers=&#8221;false&#8221;][vc_custom_heading text=&#8221;Dr. G\u00e1sp\u00e1r Enik\u0151&#8221; font_container=&#8221;tag:h4|text_align:left&#8221; use_theme_fonts=&#8221;yes&#8221;][vc_column_text]Medic specialist Medicin\u0103 Intern\u0103[\/vc_column_text][\/vc_column][vc_column width=&#8221;1\/3&#8243;][vc_single_image image=&#8221;194&#8243; img_size=&#8221;full&#8221; alignment=&#8221;center&#8221; image_hovers=&#8221;false&#8221;][vc_custom_heading text=&#8221;Dr. Gy\u00f6rgy-Szak\u00e1cs Csaba&#8221; font_container=&#8221;tag:h4|text_align:left&#8221; use_theme_fonts=&#8221;yes&#8221;][vc_column_text]Medic specialist Chirurgie General\u0103[\/vc_column_text][\/vc_column][vc_column width=&#8221;1\/3&#8243;][vc_single_image image=&#8221;188&#8243; img_size=&#8221;full&#8221; alignment=&#8221;center&#8221; image_hovers=&#8221;false&#8221;][vc_custom_heading text=&#8221;Dr. Csoria Ad\u00e9l&#8221; font_container=&#8221;tag:h4|text_align:left&#8221; use_theme_fonts=&#8221;yes&#8221;][vc_column_text]Medic specialist Cardiologie[\/vc_column_text][\/vc_column][vc_column width=&#8221;1\/3&#8243;][vc_single_image image=&#8221;202&#8243; img_size=&#8221;full&#8221; alignment=&#8221;center&#8221; image_hovers=&#8221;false&#8221;][vc_custom_heading text=&#8221;Dr. Szab\u00f3 Ern\u0151 Szabolcs&#8221; font_container=&#8221;tag:h4|text_align:left&#8221; use_theme_fonts=&#8221;yes&#8221;][vc_column_text]Medic specialist Neurochirurgie[\/vc_column_text][\/vc_column][vc_column width=&#8221;1\/3&#8243;][vc_single_image image=&#8221;347&#8243; img_size=&#8221;full&#8221; alignment=&#8221;center&#8221; image_hovers=&#8221;false&#8221;][vc_custom_heading text=&#8221;Dr. Piroska Izabella&#8221; font_container=&#8221;tag:h4|text_align:left&#8221; use_theme_fonts=&#8221;yes&#8221;][vc_column_text]Medic specialist Endocrinologie[\/vc_column_text][\/vc_column][vc_column width=&#8221;1\/3&#8243;][vc_single_image image=&#8221;208&#8243; img_size=&#8221;full&#8221; alignment=&#8221;center&#8221; image_hovers=&#8221;false&#8221;][vc_custom_heading text=&#8221;Ol\u00e1h Erika&#8221; font_container=&#8221;tag:h4|text_align:left&#8221; use_theme_fonts=&#8221;yes&#8221;][vc_column_text]Psiholog clinician[\/vc_column_text][\/vc_column][vc_column width=&#8221;1\/3&#8243;][vc_single_image image=&#8221;198&#8243; img_size=&#8221;full&#8221; alignment=&#8221;center&#8221; image_hovers=&#8221;false&#8221;][vc_custom_heading text=&#8221;L\u0151rincz Hanna&#8221; font_container=&#8221;tag:h4|text_align:left&#8221; use_theme_fonts=&#8221;yes&#8221;][vc_column_text]Dietetician[\/vc_column_text][\/vc_column][vc_column width=&#8221;1\/3&#8243;][vc_single_image image=&#8221;213&#8243; img_size=&#8221;full&#8221; alignment=&#8221;center&#8221; image_hovers=&#8221;false&#8221;][vc_custom_heading text=&#8221;K\u00f3nya B\u00edborka&#8221; font_container=&#8221;tag:h4|text_align:left&#8221; use_theme_fonts=&#8221;yes&#8221;][vc_column_text]Administrator cabinet[\/vc_column_text][\/vc_column][vc_column width=&#8221;1\/3&#8243;][vc_single_image image=&#8221;201&#8243; img_size=&#8221;full&#8221; alignment=&#8221;center&#8221; image_hovers=&#8221;false&#8221;][vc_custom_heading text=&#8221;Sid\u00f3 Zita&#8221; font_container=&#8221;tag:h4|text_align:left&#8221; use_theme_fonts=&#8221;yes&#8221;][vc_column_text]Asistent medical[\/vc_column_text][\/vc_column][\/vc_row]<\/p>\n<\/section>","protected":false},"excerpt":{"rendered":"<p>[vc_row gap=&#8221;35&#8243; equal_height=&#8221;yes&#8221; el_class=&#8221;row-team&#8221;][vc_column width=&#8221;1\/3&#8243;][vc_single_image image=&#8221;196&#8243; img_size=&#8221;full&#8221; alignment=&#8221;center&#8221; image_hovers=&#8221;false&#8221;][vc_custom_heading text=&#8221;Dr. Halm\u00e1gyi Ildik\u00f3&#8221; font_container=&#8221;tag:h4|text_align:left&#8221; use_theme_fonts=&#8221;yes&#8221;][vc_column_text]Medic primar Medicin\u0103 Intern\u0103 \u015fi Medic specialist Diabetologie[\/vc_column_text][\/vc_column][vc_column width=&#8221;1\/3&#8243;][vc_single_image image=&#8221;211&#8243; img_size=&#8221;full&#8221; alignment=&#8221;center&#8221; image_hovers=&#8221;false&#8221;][vc_custom_heading text=&#8221;Dr. Demeter Orsolya&#8221; font_container=&#8221;tag:h4|text_align:left&#8221; use_theme_fonts=&#8221;yes&#8221;][vc_column_text]Medic specialist Diabetologie[\/vc_column_text][\/vc_column][vc_column width=&#8221;1\/3&#8243;][vc_single_image image=&#8221;335&#8243; img_size=&#8221;full&#8221; alignment=&#8221;center&#8221; image_hovers=&#8221;false&#8221;][vc_custom_heading text=&#8221;Dr. Daboczi M\u00e1ty\u00e1s&#8221; font_container=&#8221;tag:h4|text_align:left&#8221; use_theme_fonts=&#8221;yes&#8221;][vc_column_text]Medic specialist Neurologie[\/vc_column_text][\/vc_column][vc_column width=&#8221;1\/3&#8243;][vc_single_image image=&#8221;190&#8243; img_size=&#8221;full&#8221; alignment=&#8221;center&#8221; image_hovers=&#8221;false&#8221;][vc_custom_heading text=&#8221;Dr. D\u00e9nes L\u00e1szl\u00f3&#8221; font_container=&#8221;tag:h4|text_align:left&#8221; use_theme_fonts=&#8221;yes&#8221;][vc_column_text]Medic&hellip;<\/p>\n","protected":false},"author":1,"featured_media":0,"parent":0,"menu_order":0,"comment_status":"closed","ping_status":"closed","template":"","meta":[],"yoast_head":"<!-- This site is optimized with the Yoast SEO plugin v20.3 - https:\/\/yoast.com\/wordpress\/plugins\/seo\/ -->\n<title>Colegi - Diabest Medical Center<\/title>\n<meta name=\"robots\" content=\"index, follow, max-snippet:-1, max-image-preview:large, max-video-preview:-1\" \/>\n<link rel=\"canonical\" href=\"https:\/\/www.diabestmedical.ro\/ro\/colegi\/\" \/>\n<meta property=\"og:locale\" content=\"ro_RO\" \/>\n<meta property=\"og:type\" content=\"article\" \/>\n<meta property=\"og:title\" content=\"Colegi - Diabest Medical Center\" \/>\n<meta property=\"og:description\" content=\"[vc_row gap=&#8221;35&#8243; equal_height=&#8221;yes&#8221; el_class=&#8221;row-team&#8221;][vc_column width=&#8221;1\/3&#8243;][vc_single_image image=&#8221;196&#8243; img_size=&#8221;full&#8221; alignment=&#8221;center&#8221; image_hovers=&#8221;false&#8221;][vc_custom_heading text=&#8221;Dr. Halm\u00e1gyi Ildik\u00f3&#8221; font_container=&#8221;tag:h4|text_align:left&#8221; use_theme_fonts=&#8221;yes&#8221;][vc_column_text]Medic primar Medicin\u0103 Intern\u0103 \u015fi Medic specialist Diabetologie[\/vc_column_text][\/vc_column][vc_column width=&#8221;1\/3&#8243;][vc_single_image image=&#8221;211&#8243; img_size=&#8221;full&#8221; alignment=&#8221;center&#8221; image_hovers=&#8221;false&#8221;][vc_custom_heading text=&#8221;Dr. Demeter Orsolya&#8221; font_container=&#8221;tag:h4|text_align:left&#8221; use_theme_fonts=&#8221;yes&#8221;][vc_column_text]Medic specialist Diabetologie[\/vc_column_text][\/vc_column][vc_column width=&#8221;1\/3&#8243;][vc_single_image image=&#8221;335&#8243; img_size=&#8221;full&#8221; alignment=&#8221;center&#8221; image_hovers=&#8221;false&#8221;][vc_custom_heading text=&#8221;Dr. Daboczi M\u00e1ty\u00e1s&#8221; font_container=&#8221;tag:h4|text_align:left&#8221; use_theme_fonts=&#8221;yes&#8221;][vc_column_text]Medic specialist Neurologie[\/vc_column_text][\/vc_column][vc_column width=&#8221;1\/3&#8243;][vc_single_image image=&#8221;190&#8243; img_size=&#8221;full&#8221; alignment=&#8221;center&#8221; image_hovers=&#8221;false&#8221;][vc_custom_heading text=&#8221;Dr. D\u00e9nes L\u00e1szl\u00f3&#8221; font_container=&#8221;tag:h4|text_align:left&#8221; use_theme_fonts=&#8221;yes&#8221;][vc_column_text]Medic&hellip;\" \/>\n<meta property=\"og:url\" content=\"https:\/\/www.diabestmedical.ro\/ro\/colegi\/\" \/>\n<meta property=\"og:site_name\" content=\"Diabest Medical Center\" \/>\n<meta property=\"article:publisher\" content=\"https:\/\/www.facebook.com\/Diabest-Medical-Center-117461604625216\" \/>\n<meta property=\"article:modified_time\" content=\"2024-09-20T06:25:13+00:00\" \/>\n<meta name=\"twitter:card\" content=\"summary_large_image\" \/>\n<meta name=\"twitter:label1\" content=\"Est. reading time\" \/>\n\t<meta name=\"twitter:data1\" content=\"1 minut\" \/>\n<script type=\"application\/ld+json\" class=\"yoast-schema-graph\">{\"@context\":\"https:\/\/schema.org\",\"@graph\":[{\"@type\":\"WebPage\",\"@id\":\"https:\/\/www.diabestmedical.ro\/ro\/colegi\/\",\"url\":\"https:\/\/www.diabestmedical.ro\/ro\/colegi\/\",\"name\":\"Colegi - Diabest Medical Center\",\"isPartOf\":{\"@id\":\"https:\/\/www.diabestmedical.ro\/#website\"},\"datePublished\":\"2023-04-17T11:13:36+00:00\",\"dateModified\":\"2024-09-20T06:25:13+00:00\",\"breadcrumb\":{\"@id\":\"https:\/\/www.diabestmedical.ro\/ro\/colegi\/#breadcrumb\"},\"inLanguage\":\"ro-RO\",\"potentialAction\":[{\"@type\":\"ReadAction\",\"target\":[\"https:\/\/www.diabestmedical.ro\/ro\/colegi\/\"]}]},{\"@type\":\"BreadcrumbList\",\"@id\":\"https:\/\/www.diabestmedical.ro\/ro\/colegi\/#breadcrumb\",\"itemListElement\":[{\"@type\":\"ListItem\",\"position\":1,\"name\":\"Home\",\"item\":\"https:\/\/www.diabestmedical.ro\/ro\/\"},{\"@type\":\"ListItem\",\"position\":2,\"name\":\"Colegi\"}]},{\"@type\":\"WebSite\",\"@id\":\"https:\/\/www.diabestmedical.ro\/#website\",\"url\":\"https:\/\/www.diabestmedical.ro\/\",\"name\":\"Diabest Medical Center\",\"description\":\"\",\"publisher\":{\"@id\":\"https:\/\/www.diabestmedical.ro\/#organization\"},\"potentialAction\":[{\"@type\":\"SearchAction\",\"target\":{\"@type\":\"EntryPoint\",\"urlTemplate\":\"https:\/\/www.diabestmedical.ro\/?s={search_term_string}\"},\"query-input\":\"required name=search_term_string\"}],\"inLanguage\":\"ro-RO\"},{\"@type\":\"Organization\",\"@id\":\"https:\/\/www.diabestmedical.ro\/#organization\",\"name\":\"Diabest Medical Center\",\"url\":\"https:\/\/www.diabestmedical.ro\/\",\"logo\":{\"@type\":\"ImageObject\",\"inLanguage\":\"ro-RO\",\"@id\":\"https:\/\/www.diabestmedical.ro\/#\/schema\/logo\/image\/\",\"url\":\"https:\/\/www.diabestmedical.ro\/wp-content\/uploads\/2023\/03\/diabest-120.png\",\"contentUrl\":\"https:\/\/www.diabestmedical.ro\/wp-content\/uploads\/2023\/03\/diabest-120.png\",\"width\":87,\"height\":120,\"caption\":\"Diabest Medical Center\"},\"image\":{\"@id\":\"https:\/\/www.diabestmedical.ro\/#\/schema\/logo\/image\/\"},\"sameAs\":[\"https:\/\/www.facebook.com\/Diabest-Medical-Center-117461604625216\"]}]}<\/script>\n<!-- \/ Yoast SEO plugin. -->","yoast_head_json":{"title":"Colegi - Diabest Medical Center","robots":{"index":"index","follow":"follow","max-snippet":"max-snippet:-1","max-image-preview":"max-image-preview:large","max-video-preview":"max-video-preview:-1"},"canonical":"https:\/\/www.diabestmedical.ro\/ro\/colegi\/","og_locale":"ro_RO","og_type":"article","og_title":"Colegi - Diabest Medical Center","og_description":"[vc_row gap=&#8221;35&#8243; equal_height=&#8221;yes&#8221; el_class=&#8221;row-team&#8221;][vc_column width=&#8221;1\/3&#8243;][vc_single_image image=&#8221;196&#8243; img_size=&#8221;full&#8221; alignment=&#8221;center&#8221; image_hovers=&#8221;false&#8221;][vc_custom_heading text=&#8221;Dr. Halm\u00e1gyi Ildik\u00f3&#8221; font_container=&#8221;tag:h4|text_align:left&#8221; use_theme_fonts=&#8221;yes&#8221;][vc_column_text]Medic primar Medicin\u0103 Intern\u0103 \u015fi Medic specialist Diabetologie[\/vc_column_text][\/vc_column][vc_column width=&#8221;1\/3&#8243;][vc_single_image image=&#8221;211&#8243; img_size=&#8221;full&#8221; alignment=&#8221;center&#8221; image_hovers=&#8221;false&#8221;][vc_custom_heading text=&#8221;Dr. Demeter Orsolya&#8221; font_container=&#8221;tag:h4|text_align:left&#8221; use_theme_fonts=&#8221;yes&#8221;][vc_column_text]Medic specialist Diabetologie[\/vc_column_text][\/vc_column][vc_column width=&#8221;1\/3&#8243;][vc_single_image image=&#8221;335&#8243; img_size=&#8221;full&#8221; alignment=&#8221;center&#8221; image_hovers=&#8221;false&#8221;][vc_custom_heading text=&#8221;Dr. Daboczi M\u00e1ty\u00e1s&#8221; font_container=&#8221;tag:h4|text_align:left&#8221; use_theme_fonts=&#8221;yes&#8221;][vc_column_text]Medic specialist Neurologie[\/vc_column_text][\/vc_column][vc_column width=&#8221;1\/3&#8243;][vc_single_image image=&#8221;190&#8243; img_size=&#8221;full&#8221; alignment=&#8221;center&#8221; image_hovers=&#8221;false&#8221;][vc_custom_heading text=&#8221;Dr. D\u00e9nes L\u00e1szl\u00f3&#8221; font_container=&#8221;tag:h4|text_align:left&#8221; use_theme_fonts=&#8221;yes&#8221;][vc_column_text]Medic&hellip;","og_url":"https:\/\/www.diabestmedical.ro\/ro\/colegi\/","og_site_name":"Diabest Medical Center","article_publisher":"https:\/\/www.facebook.com\/Diabest-Medical-Center-117461604625216","article_modified_time":"2024-09-20T06:25:13+00:00","twitter_card":"summary_large_image","twitter_misc":{"Est. reading time":"1 minut"},"schema":{"@context":"https:\/\/schema.org","@graph":[{"@type":"WebPage","@id":"https:\/\/www.diabestmedical.ro\/ro\/colegi\/","url":"https:\/\/www.diabestmedical.ro\/ro\/colegi\/","name":"Colegi - Diabest Medical Center","isPartOf":{"@id":"https:\/\/www.diabestmedical.ro\/#website"},"datePublished":"2023-04-17T11:13:36+00:00","dateModified":"2024-09-20T06:25:13+00:00","breadcrumb":{"@id":"https:\/\/www.diabestmedical.ro\/ro\/colegi\/#breadcrumb"},"inLanguage":"ro-RO","potentialAction":[{"@type":"ReadAction","target":["https:\/\/www.diabestmedical.ro\/ro\/colegi\/"]}]},{"@type":"BreadcrumbList","@id":"https:\/\/www.diabestmedical.ro\/ro\/colegi\/#breadcrumb","itemListElement":[{"@type":"ListItem","position":1,"name":"Home","item":"https:\/\/www.diabestmedical.ro\/ro\/"},{"@type":"ListItem","position":2,"name":"Colegi"}]},{"@type":"WebSite","@id":"https:\/\/www.diabestmedical.ro\/#website","url":"https:\/\/www.diabestmedical.ro\/","name":"Diabest Medical Center","description":"","publisher":{"@id":"https:\/\/www.diabestmedical.ro\/#organization"},"potentialAction":[{"@type":"SearchAction","target":{"@type":"EntryPoint","urlTemplate":"https:\/\/www.diabestmedical.ro\/?s={search_term_string}"},"query-input":"required name=search_term_string"}],"inLanguage":"ro-RO"},{"@type":"Organization","@id":"https:\/\/www.diabestmedical.ro\/#organization","name":"Diabest Medical Center","url":"https:\/\/www.diabestmedical.ro\/","logo":{"@type":"ImageObject","inLanguage":"ro-RO","@id":"https:\/\/www.diabestmedical.ro\/#\/schema\/logo\/image\/","url":"https:\/\/www.diabestmedical.ro\/wp-content\/uploads\/2023\/03\/diabest-120.png","contentUrl":"https:\/\/www.diabestmedical.ro\/wp-content\/uploads\/2023\/03\/diabest-120.png","width":87,"height":120,"caption":"Diabest Medical Center"},"image":{"@id":"https:\/\/www.diabestmedical.ro\/#\/schema\/logo\/image\/"},"sameAs":["https:\/\/www.facebook.com\/Diabest-Medical-Center-117461604625216"]}]}},"_links":{"self":[{"href":"https:\/\/www.diabestmedical.ro\/ro\/wp-json\/wp\/v2\/pages\/224"}],"collection":[{"href":"https:\/\/www.diabestmedical.ro\/ro\/wp-json\/wp\/v2\/pages"}],"about":[{"href":"https:\/\/www.diabestmedical.ro\/ro\/wp-json\/wp\/v2\/types\/page"}],"author":[{"embeddable":true,"href":"https:\/\/www.diabestmedical.ro\/ro\/wp-json\/wp\/v2\/users\/1"}],"replies":[{"embeddable":true,"href":"https:\/\/www.diabestmedical.ro\/ro\/wp-json\/wp\/v2\/comments?post=224"}],"version-history":[{"count":10,"href":"https:\/\/www.diabestmedical.ro\/ro\/wp-json\/wp\/v2\/pages\/224\/revisions"}],"predecessor-version":[{"id":349,"href":"https:\/\/www.diabestmedical.ro\/ro\/wp-json\/wp\/v2\/pages\/224\/revisions\/349"}],"wp:attachment":[{"href":"https:\/\/www.diabestmedical.ro\/ro\/wp-json\/wp\/v2\/media?parent=224"}],"curies":[{"name":"wp","href":"https:\/\/api.w.org\/{rel}","templated":true}]}}