{"id":231,"date":"2023-07-21T07:26:48","date_gmt":"2023-07-21T07:26:48","guid":{"rendered":"https:\/\/www.diabestmedical.ro\/arlista\/"},"modified":"2024-03-21T10:19:08","modified_gmt":"2024-03-21T10:19:08","slug":"lista-de-preturi","status":"publish","type":"page","link":"https:\/\/www.diabestmedical.ro\/ro\/lista-de-preturi\/","title":{"rendered":"List\u0103 de pre\u0163uri"},"content":{"rendered":"<section class=\"wpb-content-wrapper\"><p>[vc_row][vc_column width=&#8221;1\/6&#8243;][\/vc_column][vc_column width=&#8221;2\/3&#8243;][vc_column_text]<\/p>\n<table class=\"price-table\" border=\"0\" width=\"100%\" cellspacing=\"0\" cellpadding=\"0\">\n<thead>\n<tr>\n<td>Servicii<\/td>\n<td>Pre\u0163<\/td>\n<\/tr>\n<\/thead>\n<tbody>\n<tr>\n<td>Consiliere dietetic\u0103<\/td>\n<td>50 ron<\/td>\n<\/tr>\n<tr>\n<td>Determinarea glicemiei<\/td>\n<td>10 ron<\/td>\n<\/tr>\n<tr>\n<td>Determinare HBA1C<\/td>\n<td>50 ron<\/td>\n<\/tr>\n<tr>\n<td>Sudoscan<\/td>\n<td>130 ron<\/td>\n<\/tr>\n<tr>\n<td>EKG (f\u0103r\u0103 interpretare)<\/td>\n<td>30 ron<\/td>\n<\/tr>\n<tr>\n<td>Determinare IGB<\/td>\n<td>60 ron<\/td>\n<\/tr>\n<tr>\n<td>M\u0103surare tensiunea arterial\u0103<\/td>\n<td>5 ron<\/td>\n<\/tr>\n<tr>\n<td>Consulta\u021bie diabet<\/td>\n<td>150 ron<\/td>\n<\/tr>\n<tr>\n<td>Control diabet<\/td>\n<td>80 ron<\/td>\n<\/tr>\n<tr>\n<td>Referat medical diabet<\/td>\n<td>70 ron<\/td>\n<\/tr>\n<tr>\n<td>Consulta\u021bie medicin\u0103 intern\u0103<\/td>\n<td>120 ron<\/td>\n<\/tr>\n<tr>\n<td>Control medicin\u0103 intern\u0103<\/td>\n<td>100 ron<\/td>\n<\/tr>\n<tr>\n<td>Consulta\u021bie medicin\u0103 intern\u0103 cu ecografie abdominal\u0103<\/td>\n<td>220 ron<\/td>\n<\/tr>\n<tr>\n<td>Ecografie abdominal\u0103<\/td>\n<td>150 ron<\/td>\n<\/tr>\n<tr>\n<td>Referat medical medicin\u0103 intern\u0103<\/td>\n<td>50 ron<\/td>\n<\/tr>\n<tr>\n<td>Consulta\u021bie cardiologic\u0103 cu ecocord, EKG<\/td>\n<td>250 ron<\/td>\n<\/tr>\n<tr>\n<td>Consulta\u021bie cardiologic\u0103 cu EKG<\/td>\n<td>150 ron<\/td>\n<\/tr>\n<tr>\n<td>Control cardiologie<\/td>\n<td>100 ron<\/td>\n<\/tr>\n<tr>\n<td>Consulta\u021bie dermatologie<\/td>\n<td>200 ron<\/td>\n<\/tr>\n<tr>\n<td>Control dermatologie<\/td>\n<td>100 ron<\/td>\n<\/tr>\n<tr>\n<td>Consulta\u021bie neurologie<\/td>\n<td>150 ron<\/td>\n<\/tr>\n<tr>\n<td>Control neurologie<\/td>\n<td>100 ron<\/td>\n<\/tr>\n<tr>\n<td>Consulta\u021bie endocrinologic\u0103 cu ecografie tiroidian\u0103<\/td>\n<td>250 ron<\/td>\n<\/tr>\n<tr>\n<td>Consulta\u021bie endocrinologic\u0103<\/td>\n<td>130 ron<\/td>\n<\/tr>\n<tr>\n<td>Ecografie tiroidian\u0103<\/td>\n<td>130 ron<\/td>\n<\/tr>\n<tr>\n<td>Control endocrinologie<\/td>\n<td>100 ron<\/td>\n<\/tr>\n<tr>\n<td>Control eco tiroidian\u0103<\/td>\n<td>100 ron<\/td>\n<\/tr>\n<tr>\n<td>Interpretare rezultate endocrinologice<\/td>\n<td>70 ron<\/td>\n<\/tr>\n<tr>\n<td>Consulta\u021bie neurochirurgie<\/td>\n<td>260 ron<\/td>\n<\/tr>\n<tr>\n<td>Consulta\u021bie chirurgie general\u0103<\/td>\n<td>200 ron<\/td>\n<\/tr>\n<tr>\n<td>Interven\u021bie\/procedur\u0103 chirurgie general\u0103<\/td>\n<td><\/td>\n<\/tr>\n<tr>\n<td>Interven\u021bie\/procedur\u0103 dermatologie<\/td>\n<td><\/td>\n<\/tr>\n<tr>\n<td>Consiliere nutri\u021bional\u0103<\/td>\n<td>100 ron<\/td>\n<\/tr>\n<tr>\n<td>Consulta\u021bie nutri\u021bional\u0103 cu diet\u0103<\/td>\n<td>150 ron<\/td>\n<\/tr>\n<tr>\n<td>Consulta\u021bie nutri\u021bional\u0103 cu diet\u0103 5 variante<\/td>\n<td>150 ron<\/td>\n<\/tr>\n<tr>\n<td>Consulta\u021bie nutri\u021bional\u0103 cu diet\u0103 7 variante<\/td>\n<td>170 ron<\/td>\n<\/tr>\n<tr>\n<td>Consulta\u021bie nutri\u021bional\u0103 cu diet\u0103 10 variante<\/td>\n<td>220 ron<\/td>\n<\/tr>\n<tr>\n<td>Control nutri\u021bie<\/td>\n<td>50 ron<\/td>\n<\/tr>\n<tr>\n<td>Alte servicii<\/td>\n<td>30 ron<\/td>\n<\/tr>\n<\/tbody>\n<\/table>\n<p>[\/vc_column_text][\/vc_column][vc_column width=&#8221;1\/6&#8243;][\/vc_column][\/vc_row]<\/p>\n<\/section>","protected":false},"excerpt":{"rendered":"<p>[vc_row][vc_column width=&#8221;1\/6&#8243;][\/vc_column][vc_column width=&#8221;2\/3&#8243;][vc_column_text] Servicii Pre\u0163 Consiliere dietetic\u0103 50 ron Determinarea glicemiei 10 ron Determinare HBA1C 50 ron Sudoscan 130 ron EKG (f\u0103r\u0103 interpretare) 30 ron Determinare IGB 60 ron M\u0103surare tensiunea arterial\u0103 5 ron Consulta\u021bie diabet 150 ron Control diabet 80 ron Referat medical diabet 70 ron Consulta\u021bie medicin\u0103 intern\u0103 120 ron Control medicin\u0103 intern\u0103&hellip;<\/p>\n","protected":false},"author":1,"featured_media":0,"parent":0,"menu_order":0,"comment_status":"closed","ping_status":"closed","template":"","meta":[],"yoast_head":"<!-- This site is optimized with the Yoast SEO plugin v20.3 - https:\/\/yoast.com\/wordpress\/plugins\/seo\/ -->\n<title>List\u0103 de pre\u0163uri - Diabest Medical Center<\/title>\n<meta name=\"robots\" content=\"index, follow, max-snippet:-1, max-image-preview:large, max-video-preview:-1\" \/>\n<link rel=\"canonical\" href=\"https:\/\/www.diabestmedical.ro\/ro\/lista-de-preturi\/\" \/>\n<meta property=\"og:locale\" content=\"ro_RO\" \/>\n<meta property=\"og:type\" content=\"article\" \/>\n<meta property=\"og:title\" content=\"List\u0103 de pre\u0163uri - Diabest Medical Center\" \/>\n<meta property=\"og:description\" content=\"[vc_row][vc_column width=&#8221;1\/6&#8243;][\/vc_column][vc_column width=&#8221;2\/3&#8243;][vc_column_text] Servicii Pre\u0163 Consiliere dietetic\u0103 50 ron Determinarea glicemiei 10 ron Determinare HBA1C 50 ron Sudoscan 130 ron EKG (f\u0103r\u0103 interpretare) 30 ron Determinare IGB 60 ron M\u0103surare tensiunea arterial\u0103 5 ron Consulta\u021bie diabet 150 ron Control diabet 80 ron Referat medical diabet 70 ron Consulta\u021bie medicin\u0103 intern\u0103 120 ron Control medicin\u0103 intern\u0103&hellip;\" \/>\n<meta property=\"og:url\" content=\"https:\/\/www.diabestmedical.ro\/ro\/lista-de-preturi\/\" \/>\n<meta property=\"og:site_name\" content=\"Diabest Medical Center\" \/>\n<meta property=\"article:publisher\" content=\"https:\/\/www.facebook.com\/Diabest-Medical-Center-117461604625216\" \/>\n<meta property=\"article:modified_time\" content=\"2024-03-21T10:19:08+00:00\" \/>\n<meta name=\"twitter:card\" content=\"summary_large_image\" \/>\n<meta name=\"twitter:label1\" content=\"Est. reading time\" \/>\n\t<meta name=\"twitter:data1\" content=\"2 minute\" \/>\n<script type=\"application\/ld+json\" class=\"yoast-schema-graph\">{\"@context\":\"https:\/\/schema.org\",\"@graph\":[{\"@type\":\"WebPage\",\"@id\":\"https:\/\/www.diabestmedical.ro\/ro\/lista-de-preturi\/\",\"url\":\"https:\/\/www.diabestmedical.ro\/ro\/lista-de-preturi\/\",\"name\":\"List\u0103 de pre\u0163uri - Diabest Medical Center\",\"isPartOf\":{\"@id\":\"https:\/\/www.diabestmedical.ro\/#website\"},\"datePublished\":\"2023-07-21T07:26:48+00:00\",\"dateModified\":\"2024-03-21T10:19:08+00:00\",\"breadcrumb\":{\"@id\":\"https:\/\/www.diabestmedical.ro\/ro\/lista-de-preturi\/#breadcrumb\"},\"inLanguage\":\"ro-RO\",\"potentialAction\":[{\"@type\":\"ReadAction\",\"target\":[\"https:\/\/www.diabestmedical.ro\/ro\/lista-de-preturi\/\"]}]},{\"@type\":\"BreadcrumbList\",\"@id\":\"https:\/\/www.diabestmedical.ro\/ro\/lista-de-preturi\/#breadcrumb\",\"itemListElement\":[{\"@type\":\"ListItem\",\"position\":1,\"name\":\"Home\",\"item\":\"https:\/\/www.diabestmedical.ro\/ro\/\"},{\"@type\":\"ListItem\",\"position\":2,\"name\":\"List\u0103 de pre\u0163uri\"}]},{\"@type\":\"WebSite\",\"@id\":\"https:\/\/www.diabestmedical.ro\/#website\",\"url\":\"https:\/\/www.diabestmedical.ro\/\",\"name\":\"Diabest Medical Center\",\"description\":\"\",\"publisher\":{\"@id\":\"https:\/\/www.diabestmedical.ro\/#organization\"},\"potentialAction\":[{\"@type\":\"SearchAction\",\"target\":{\"@type\":\"EntryPoint\",\"urlTemplate\":\"https:\/\/www.diabestmedical.ro\/?s={search_term_string}\"},\"query-input\":\"required name=search_term_string\"}],\"inLanguage\":\"ro-RO\"},{\"@type\":\"Organization\",\"@id\":\"https:\/\/www.diabestmedical.ro\/#organization\",\"name\":\"Diabest Medical Center\",\"url\":\"https:\/\/www.diabestmedical.ro\/\",\"logo\":{\"@type\":\"ImageObject\",\"inLanguage\":\"ro-RO\",\"@id\":\"https:\/\/www.diabestmedical.ro\/#\/schema\/logo\/image\/\",\"url\":\"https:\/\/www.diabestmedical.ro\/wp-content\/uploads\/2023\/03\/diabest-120.png\",\"contentUrl\":\"https:\/\/www.diabestmedical.ro\/wp-content\/uploads\/2023\/03\/diabest-120.png\",\"width\":87,\"height\":120,\"caption\":\"Diabest Medical Center\"},\"image\":{\"@id\":\"https:\/\/www.diabestmedical.ro\/#\/schema\/logo\/image\/\"},\"sameAs\":[\"https:\/\/www.facebook.com\/Diabest-Medical-Center-117461604625216\"]}]}<\/script>\n<!-- \/ Yoast SEO plugin. -->","yoast_head_json":{"title":"List\u0103 de pre\u0163uri - Diabest Medical Center","robots":{"index":"index","follow":"follow","max-snippet":"max-snippet:-1","max-image-preview":"max-image-preview:large","max-video-preview":"max-video-preview:-1"},"canonical":"https:\/\/www.diabestmedical.ro\/ro\/lista-de-preturi\/","og_locale":"ro_RO","og_type":"article","og_title":"List\u0103 de pre\u0163uri - Diabest Medical Center","og_description":"[vc_row][vc_column width=&#8221;1\/6&#8243;][\/vc_column][vc_column width=&#8221;2\/3&#8243;][vc_column_text] Servicii Pre\u0163 Consiliere dietetic\u0103 50 ron Determinarea glicemiei 10 ron Determinare HBA1C 50 ron Sudoscan 130 ron EKG (f\u0103r\u0103 interpretare) 30 ron Determinare IGB 60 ron M\u0103surare tensiunea arterial\u0103 5 ron Consulta\u021bie diabet 150 ron Control diabet 80 ron Referat medical diabet 70 ron Consulta\u021bie medicin\u0103 intern\u0103 120 ron Control medicin\u0103 intern\u0103&hellip;","og_url":"https:\/\/www.diabestmedical.ro\/ro\/lista-de-preturi\/","og_site_name":"Diabest Medical Center","article_publisher":"https:\/\/www.facebook.com\/Diabest-Medical-Center-117461604625216","article_modified_time":"2024-03-21T10:19:08+00:00","twitter_card":"summary_large_image","twitter_misc":{"Est. reading time":"2 minute"},"schema":{"@context":"https:\/\/schema.org","@graph":[{"@type":"WebPage","@id":"https:\/\/www.diabestmedical.ro\/ro\/lista-de-preturi\/","url":"https:\/\/www.diabestmedical.ro\/ro\/lista-de-preturi\/","name":"List\u0103 de pre\u0163uri - Diabest Medical Center","isPartOf":{"@id":"https:\/\/www.diabestmedical.ro\/#website"},"datePublished":"2023-07-21T07:26:48+00:00","dateModified":"2024-03-21T10:19:08+00:00","breadcrumb":{"@id":"https:\/\/www.diabestmedical.ro\/ro\/lista-de-preturi\/#breadcrumb"},"inLanguage":"ro-RO","potentialAction":[{"@type":"ReadAction","target":["https:\/\/www.diabestmedical.ro\/ro\/lista-de-preturi\/"]}]},{"@type":"BreadcrumbList","@id":"https:\/\/www.diabestmedical.ro\/ro\/lista-de-preturi\/#breadcrumb","itemListElement":[{"@type":"ListItem","position":1,"name":"Home","item":"https:\/\/www.diabestmedical.ro\/ro\/"},{"@type":"ListItem","position":2,"name":"List\u0103 de pre\u0163uri"}]},{"@type":"WebSite","@id":"https:\/\/www.diabestmedical.ro\/#website","url":"https:\/\/www.diabestmedical.ro\/","name":"Diabest Medical Center","description":"","publisher":{"@id":"https:\/\/www.diabestmedical.ro\/#organization"},"potentialAction":[{"@type":"SearchAction","target":{"@type":"EntryPoint","urlTemplate":"https:\/\/www.diabestmedical.ro\/?s={search_term_string}"},"query-input":"required name=search_term_string"}],"inLanguage":"ro-RO"},{"@type":"Organization","@id":"https:\/\/www.diabestmedical.ro\/#organization","name":"Diabest Medical Center","url":"https:\/\/www.diabestmedical.ro\/","logo":{"@type":"ImageObject","inLanguage":"ro-RO","@id":"https:\/\/www.diabestmedical.ro\/#\/schema\/logo\/image\/","url":"https:\/\/www.diabestmedical.ro\/wp-content\/uploads\/2023\/03\/diabest-120.png","contentUrl":"https:\/\/www.diabestmedical.ro\/wp-content\/uploads\/2023\/03\/diabest-120.png","width":87,"height":120,"caption":"Diabest Medical Center"},"image":{"@id":"https:\/\/www.diabestmedical.ro\/#\/schema\/logo\/image\/"},"sameAs":["https:\/\/www.facebook.com\/Diabest-Medical-Center-117461604625216"]}]}},"_links":{"self":[{"href":"https:\/\/www.diabestmedical.ro\/ro\/wp-json\/wp\/v2\/pages\/231"}],"collection":[{"href":"https:\/\/www.diabestmedical.ro\/ro\/wp-json\/wp\/v2\/pages"}],"about":[{"href":"https:\/\/www.diabestmedical.ro\/ro\/wp-json\/wp\/v2\/types\/page"}],"author":[{"embeddable":true,"href":"https:\/\/www.diabestmedical.ro\/ro\/wp-json\/wp\/v2\/users\/1"}],"replies":[{"embeddable":true,"href":"https:\/\/www.diabestmedical.ro\/ro\/wp-json\/wp\/v2\/comments?post=231"}],"version-history":[{"count":4,"href":"https:\/\/www.diabestmedical.ro\/ro\/wp-json\/wp\/v2\/pages\/231\/revisions"}],"predecessor-version":[{"id":310,"href":"https:\/\/www.diabestmedical.ro\/ro\/wp-json\/wp\/v2\/pages\/231\/revisions\/310"}],"wp:attachment":[{"href":"https:\/\/www.diabestmedical.ro\/ro\/wp-json\/wp\/v2\/media?parent=231"}],"curies":[{"name":"wp","href":"https:\/\/api.w.org\/{rel}","templated":true}]}}